{"id":1072,"date":"2018-05-02T13:47:29","date_gmt":"2018-05-02T11:47:29","guid":{"rendered":"http:\/\/www.puntoluceaosta.it\/devis-en-ligne\/"},"modified":"2022-01-14T09:48:40","modified_gmt":"2022-01-14T07:48:40","slug":"devis-en-ligne","status":"publish","type":"page","link":"https:\/\/www.puntoluceaosta.it\/fr\/devis-en-ligne\/","title":{"rendered":"Devis en ligne"},"content":{"rendered":"<p>[et_pb_section fb_built=&#8221;1&#8243; fullwidth=&#8221;on&#8221; disabled_on=&#8221;||on&#8221; _builder_version=&#8221;3.22&#8243;][et_pb_fullwidth_menu menu_id=&#8221;2&#8243; submenu_direction=&#8221;downwards&#8221; fullwidth_menu=&#8221;off&#8221; active_link_color=&#8221;#ffee00&#8243; dropdown_menu_text_color=&#8221;#ffffff&#8221; mobile_menu_text_color=&#8221;#ffffff&#8221; admin_label=&#8221;Menu MOBILE&#8221; _builder_version=&#8221;3.0.98&#8243; menu_font=&#8221;Aldrich|||on|||||&#8221; menu_font_size=&#8221;20px&#8221; background_color=&#8221;#1d1d1b&#8221; text_orientation=&#8221;center&#8221; background_layout=&#8221;dark&#8221;]<\/p>\n<p>\u00a0<\/p>\n<p>[\/et_pb_fullwidth_menu][\/et_pb_section][et_pb_section fb_built=&#8221;1&#8243; _builder_version=&#8221;3.22&#8243; custom_margin=&#8221;0px|0px|0px|0px&#8221; custom_padding=&#8221;0px|0px|0px|0px&#8221;][et_pb_row use_custom_gutter=&#8221;on&#8221; gutter_width=&#8221;1&#8243; make_equal=&#8221;on&#8221; module_class=&#8221; et_pb_row_fullwidth&#8221; _builder_version=&#8221;3.25&#8243; width=&#8221;100%&#8221; width_tablet=&#8221;100%&#8221; width_last_edited=&#8221;on|desktop&#8221; max_width=&#8221;100%&#8221; max_width_tablet=&#8221;100%&#8221; max_width_last_edited=&#8221;on|desktop&#8221; custom_padding=&#8221;0px|0px|0px|0px&#8221; make_fullwidth=&#8221;on&#8221; column_structure=&#8221;1_3,2_3&#8243;][et_pb_column type=&#8221;1_3&#8243; _builder_version=&#8221;3.25&#8243; custom_padding=&#8221;80px|40px|80px|40px&#8221; custom_padding_tablet=&#8221;40px|40px|40px|40px&#8221; custom_padding_last_edited=&#8221;on|phone&#8221; custom_padding__hover=&#8221;|||&#8221;][et_pb_image src=&#8221;http:\/\/www.puntoluceaosta.it\/wp-content\/uploads\/2018\/05\/puntoluce.png&#8221; alt=&#8221;Punto Luce&#8221; title_text=&#8221;Punto Luce&#8221; url=&#8221;http:\/\/www.puntoluceaosta.it\/fr\/&#8221; align=&#8221;center&#8221; align_tablet=&#8221;center&#8221; align_last_edited=&#8221;on|desktop&#8221; admin_label=&#8221;Logo&#8221; _builder_version=&#8221;4.9.5&#8243; max_width=&#8221;50%&#8221; max_width_tablet=&#8221;&#8221; max_width_phone=&#8221;40%&#8221; max_width_last_edited=&#8221;on|phone&#8221; module_alignment=&#8221;center&#8221; animation_style=&#8221;fade&#8221; hover_enabled=&#8221;0&#8243; sticky_enabled=&#8221;0&#8243;][\/et_pb_image][\/et_pb_column][et_pb_column type=&#8221;2_3&#8243; _builder_version=&#8221;3.25&#8243; background_image=&#8221;http:\/\/www.puntoluceaosta.it\/wp-content\/uploads\/2018\/06\/Planimetria-completa.jpg&#8221; custom_padding=&#8221;|||&#8221; custom_padding__hover=&#8221;|||&#8221;][et_pb_wm_socialbuttons id=&#8221;155&#8243; disabled_on=&#8221;on|on|on&#8221; admin_label=&#8221;Facebook PC&#8221; _builder_version=&#8221;3.0.98&#8243; animation_style=&#8221;roll&#8221; text_font_size_tablet=&#8221;51&#8243; text_line_height_tablet=&#8221;51&#8243; disabled=&#8221;on&#8221;][\/et_pb_wm_socialbuttons][\/et_pb_column][\/et_pb_row][\/et_pb_section][et_pb_section fb_built=&#8221;1&#8243; fullwidth=&#8221;on&#8221; disabled_on=&#8221;on|on|on&#8221; _builder_version=&#8221;3.22&#8243; disabled=&#8221;on&#8221;][et_pb_fullwidth_image src=&#8221;http:\/\/www.puntoluceaosta.it\/wp-content\/uploads\/2018\/05\/light.jpg&#8221; alt=&#8221;Punto Luce&#8221; title_text=&#8221;Punto Luce&#8221; admin_label=&#8221;Immagine MOBILE&#8221; _builder_version=&#8221;3.2.1&#8243;][\/et_pb_fullwidth_image][\/et_pb_section][et_pb_section fb_built=&#8221;1&#8243; fullwidth=&#8221;on&#8221; disabled_on=&#8221;on|on|&#8221; _builder_version=&#8221;3.22&#8243;][et_pb_fullwidth_menu menu_id=&#8221;2&#8243; submenu_direction=&#8221;downwards&#8221; fullwidth_menu=&#8221;off&#8221; active_link_color=&#8221;#ffee00&#8243; dropdown_menu_text_color=&#8221;#ffffff&#8221; mobile_menu_text_color=&#8221;#ffffff&#8221; admin_label=&#8221;Menu PC&#8221; _builder_version=&#8221;3.0.98&#8243; menu_font=&#8221;Aldrich|||on|||||&#8221; menu_font_size=&#8221;20px&#8221; background_color=&#8221;#1d1d1b&#8221; text_orientation=&#8221;center&#8221; background_layout=&#8221;dark&#8221;]<\/p>\n<p>\u00a0<\/p>\n<p>[\/et_pb_fullwidth_menu][\/et_pb_section][et_pb_section fb_built=&#8221;1&#8243; specialty=&#8221;on&#8221; _builder_version=&#8221;3.22&#8243;][et_pb_column type=&#8221;1_3&#8243; _builder_version=&#8221;3.25&#8243; custom_padding=&#8221;|||&#8221; custom_padding__hover=&#8221;|||&#8221;][\/et_pb_column][et_pb_column type=&#8221;2_3&#8243; specialty_columns=&#8221;2&#8243; _builder_version=&#8221;3.25&#8243; custom_padding=&#8221;|||&#8221; custom_padding__hover=&#8221;|||&#8221;][et_pb_row_inner admin_label=&#8221;Riga&#8221; _builder_version=&#8221;3.25&#8243;][et_pb_column_inner saved_specialty_column_type=&#8221;2_3&#8243; _builder_version=&#8221;3.25&#8243; custom_padding=&#8221;|||&#8221; custom_padding__hover=&#8221;|||&#8221;][et_pb_text admin_label=&#8221;Titolo della pagina&#8221; _builder_version=&#8221;3.27.4&#8243; header_font_size=&#8221;40px&#8221; header_font_size_tablet=&#8221;&#8221; header_font_size_phone=&#8221;30px&#8221; header_font_size_last_edited=&#8221;on|phone&#8221;]<\/p>\n<h1>DEVIS EN LIGNE<\/h1>\n<p>[\/et_pb_text][\/et_pb_column_inner][\/et_pb_row_inner][et_pb_row_inner admin_label=&#8221;Riga&#8221; _builder_version=&#8221;3.25&#8243;][et_pb_column_inner saved_specialty_column_type=&#8221;2_3&#8243; _builder_version=&#8221;3.25&#8243; custom_padding=&#8221;|||&#8221; custom_padding__hover=&#8221;|||&#8221;][et_pb_text admin_label=&#8221;Titolo paragrafo&#8221; _builder_version=&#8221;3.27.4&#8243; custom_margin=&#8221;||5px|&#8221; header_font_size_tablet=&#8221;&#8221; header_font_size_phone=&#8221;24px&#8221; header_font_size_last_edited=&#8221;on|phone&#8221;]<\/p>\n<h1>COMMENT LE DEMANDER<\/h1>\n<p>[\/et_pb_text][et_pb_text _builder_version=&#8221;3.27.4&#8243;]N&#8217;h\u00e9sitez pas \u00e0 compl\u00e9ter le formulaire ci-dessous pour \u00e9tablir un devis de d\u00e9pense ou pour avoir plus d&#8217;informations pour ce qui concerne notre activit\u00e9 et nos chantiers: l&#8217;\u00e9quipe Punto Luce S.a.s. r\u00e9pondra \u00e0 vos demandes d\u00e8s que possible. N&#8217;oubliez pas de lire et accepter notre politique de confidentialit\u00e9.<br \/>\n[\/et_pb_text][\/et_pb_column_inner][\/et_pb_row_inner][et_pb_row_inner admin_label=&#8221;Riga&#8221; _builder_version=&#8221;3.25&#8243;][et_pb_column_inner saved_specialty_column_type=&#8221;2_3&#8243; _builder_version=&#8221;3.25&#8243; custom_padding=&#8221;|||&#8221; custom_padding__hover=&#8221;|||&#8221;][et_pb_code admin_label=&#8221;Form&#8221; locked=&#8221;off&#8221;]\n<div class=\"wpcf7 no-js\" id=\"wpcf7-f1071-o1\" lang=\"it-IT\" dir=\"ltr\">\n<div class=\"screen-reader-response\"><p role=\"status\" aria-live=\"polite\" aria-atomic=\"true\"><\/p> <ul><\/ul><\/div>\n<form action=\"\/fr\/wp-json\/wp\/v2\/pages\/1072#wpcf7-f1071-o1\" method=\"post\" class=\"wpcf7-form init\" aria-label=\"Modulo di contatto\" novalidate=\"novalidate\" data-status=\"init\">\n<div style=\"display: none;\">\n<input type=\"hidden\" name=\"_wpcf7\" value=\"1071\" \/>\n<input type=\"hidden\" name=\"_wpcf7_version\" value=\"5.8.4\" \/>\n<input type=\"hidden\" name=\"_wpcf7_locale\" value=\"it_IT\" \/>\n<input type=\"hidden\" name=\"_wpcf7_unit_tag\" value=\"wpcf7-f1071-o1\" \/>\n<input type=\"hidden\" name=\"_wpcf7_container_post\" value=\"0\" \/>\n<input type=\"hidden\" name=\"_wpcf7_posted_data_hash\" value=\"\" \/>\n<\/div>\n<p>Pr\u00e9nom et Nom<br \/>\n<span class=\"wpcf7-form-control-wrap\" data-name=\"your-name\"><input size=\"40\" class=\"wpcf7-form-control wpcf7-text wpcf7-validates-as-required\" aria-required=\"true\" aria-invalid=\"false\" value=\"\" type=\"text\" name=\"your-name\" \/><\/span>\n<\/p>\n<p>Adresse Mail<br \/>\n<span class=\"wpcf7-form-control-wrap\" data-name=\"your-email\"><input size=\"40\" class=\"wpcf7-form-control wpcf7-email wpcf7-validates-as-required wpcf7-text wpcf7-validates-as-email\" aria-required=\"true\" aria-invalid=\"false\" value=\"\" type=\"email\" name=\"your-email\" \/><\/span>\n<\/p>\n<p>Entreprise (pas obligatoire)<br \/>\n<span class=\"wpcf7-form-control-wrap\" data-name=\"your-azienda\"><input size=\"40\" class=\"wpcf7-form-control wpcf7-text\" aria-invalid=\"false\" value=\"\" type=\"text\" name=\"your-azienda\" \/><\/span>\n<\/p>\n<p>De quoi s'agit-il?<br \/>\n<span class=\"wpcf7-form-control-wrap\" data-name=\"tratta\"><select class=\"wpcf7-form-control wpcf7-select wpcf7-validates-as-required\" aria-required=\"true\" aria-invalid=\"false\" name=\"tratta\"><option value=\"\">&#8212;Seleziona un&#039;opzione&#8212;<\/option><option value=\"Installations \u00e9lectriques\">Installations \u00e9lectriques<\/option><option value=\"Syst\u00e8mes d&#039;alerte\">Syst\u00e8mes d&#039;alerte<\/option><option value=\"Installations de t\u00e9l\u00e9vision\">Installations de t\u00e9l\u00e9vision<\/option><option value=\"Technique d&#039;\u00e9clairage\">Technique d&#039;\u00e9clairage<\/option><option value=\"Cablage\">Cablage<\/option><option value=\"Syst\u00e8mes domotiques\">Syst\u00e8mes domotiques<\/option><\/select><\/span>\n<\/p>\n<p>\u00c9crivez ci-dessous votre requ\u00eate<br \/>\n<span class=\"wpcf7-form-control-wrap\" data-name=\"your-message\"><textarea cols=\"40\" rows=\"10\" class=\"wpcf7-form-control wpcf7-textarea\" aria-invalid=\"false\" name=\"your-message\"><\/textarea><\/span>\n<\/p>\n<p>\u00c9crivez ce code ci-dessous: <input type=\"hidden\" name=\"_wpcf7_captcha_challenge_captcha-1\" value=\"3229577923\" \/><img loading=\"lazy\" decoding=\"async\" class=\"wpcf7-form-control wpcf7-captchac wpcf7-captcha-captcha-1\" width=\"72\" height=\"24\" alt=\"captcha\" src=\"https:\/\/www.puntoluceaosta.it\/wp-content\/uploads\/wpcf7_captcha\/3229577923.png\" \/><br \/>\n<span class=\"wpcf7-form-control-wrap\" data-name=\"captcha-1\"><input size=\"4\" maxlength=\"4\" class=\"wpcf7-form-control wpcf7-captchar\" autocomplete=\"off\" aria-invalid=\"false\" value=\"\" type=\"text\" name=\"captcha-1\" \/><\/span>\n<\/p>\n<p><span class=\"wpcf7-form-control-wrap\" data-name=\"accept-this\"><span class=\"wpcf7-form-control wpcf7-acceptance\"><span class=\"wpcf7-list-item\"><input type=\"checkbox\" name=\"accept-this\" value=\"1\" aria-invalid=\"false\" \/><\/span><\/span><\/span>Je confirme d'avoir lit <a href='\/fr\/privacy-policy' target='_blank'>les infos sur la privacy<\/a> et j'accepte le traitement de mes donn\u00e9es.\n<\/p>\n<p><input class=\"wpcf7-form-control wpcf7-submit has-spinner\" type=\"submit\" value=\"Envoyer\" \/>\n<\/p><div class=\"wpcf7-response-output\" aria-hidden=\"true\"><\/div>\n<\/form>\n<\/div>\n[\/et_pb_code][\/et_pb_column_inner][\/et_pb_row_inner][\/et_pb_column][\/et_pb_section][et_pb_section fb_built=&#8221;1&#8243; _builder_version=&#8221;3.22&#8243; custom_padding=&#8221;0|0px|0|0px|false|false&#8221; locked=&#8221;on&#8221;][et_pb_row use_custom_gutter=&#8221;on&#8221; gutter_width=&#8221;1&#8243; module_class=&#8221; et_pb_row_fullwidth&#8221; _builder_version=&#8221;3.25&#8243; width=&#8221;100%&#8221; width_tablet=&#8221;100%&#8221; width_last_edited=&#8221;on|desktop&#8221; max_width=&#8221;100%&#8221; max_width_tablet=&#8221;100%&#8221; max_width_last_edited=&#8221;on|desktop&#8221; custom_padding=&#8221;0|0px|0|0px|false|false&#8221; make_fullwidth=&#8221;on&#8221;][et_pb_column type=&#8221;4_4&#8243; _builder_version=&#8221;3.25&#8243; custom_padding=&#8221;|||&#8221; custom_padding__hover=&#8221;|||&#8221;][et_pb_divider _builder_version=&#8221;3.2.1&#8243; background_color=&#8221;#ffed00&#8243; height=&#8221;5px&#8221;][\/et_pb_divider][\/et_pb_column][\/et_pb_row][\/et_pb_section]<\/p>\n","protected":false},"excerpt":{"rendered":"<p>\u00a0 \u00a0 DEVIS EN LIGNE COMMENT LE DEMANDER N&#8217;h\u00e9sitez pas \u00e0 compl\u00e9ter le formulaire ci-dessous pour \u00e9tablir un devis de d\u00e9pense ou pour avoir plus d&#8217;informations pour ce qui concerne notre activit\u00e9 et nos chantiers: l&#8217;\u00e9quipe Punto Luce S.a.s. r\u00e9pondra \u00e0 vos demandes d\u00e8s que possible. N&#8217;oubliez pas de lire et accepter notre politique de [&hellip;]<\/p>\n","protected":false},"author":1,"featured_media":0,"parent":0,"menu_order":0,"comment_status":"closed","ping_status":"open","template":"","meta":{"_et_pb_use_builder":"on","_et_pb_old_content":"","_et_gb_content_width":"","footnotes":""},"yoast_head":"<!-- This site is optimized with the Yoast SEO plugin v21.6 - https:\/\/yoast.com\/wordpress\/plugins\/seo\/ -->\n<title>Preventivo Punto Luce Aosta | Elettricisti Aosta, ATTESTAZIONE ESTI<\/title>\n<meta name=\"description\" content=\"Preventivo: non esitare a completare il form sotto riportato per richiedere un preventivo, o ricevere maggiori informazioni sui nostri cantieri.\" \/>\n<meta name=\"robots\" content=\"index, follow, max-snippet:-1, max-image-preview:large, max-video-preview:-1\" \/>\n<link rel=\"canonical\" href=\"https:\/\/www.puntoluceaosta.it\/fr\/devis-en-ligne\/\" \/>\n<meta property=\"og:locale\" content=\"fr_FR\" \/>\n<meta property=\"og:type\" content=\"article\" \/>\n<meta property=\"og:title\" content=\"Preventivo Punto Luce Aosta | Elettricisti Aosta, ATTESTAZIONE ESTI\" \/>\n<meta property=\"og:description\" content=\"Preventivo: non esitare a completare il form sotto riportato per richiedere un preventivo, o ricevere maggiori informazioni sui nostri cantieri.\" \/>\n<meta property=\"og:url\" content=\"https:\/\/www.puntoluceaosta.it\/fr\/devis-en-ligne\/\" \/>\n<meta property=\"og:site_name\" content=\"Punto Luce\" \/>\n<meta property=\"article:modified_time\" content=\"2022-01-14T07:48:40+00:00\" \/>\n<meta name=\"twitter:card\" content=\"summary_large_image\" \/>\n<meta name=\"twitter:label1\" content=\"Dur\u00e9e de lecture estim\u00e9e\" \/>\n\t<meta name=\"twitter:data1\" content=\"4 minutes\" \/>\n<script type=\"application\/ld+json\" class=\"yoast-schema-graph\">{\"@context\":\"https:\/\/schema.org\",\"@graph\":[{\"@type\":\"WebPage\",\"@id\":\"https:\/\/www.puntoluceaosta.it\/fr\/devis-en-ligne\/\",\"url\":\"https:\/\/www.puntoluceaosta.it\/fr\/devis-en-ligne\/\",\"name\":\"Preventivo Punto Luce Aosta | Elettricisti Aosta, ATTESTAZIONE ESTI\",\"isPartOf\":{\"@id\":\"https:\/\/www.puntoluceaosta.it\/#website\"},\"datePublished\":\"2018-05-02T11:47:29+00:00\",\"dateModified\":\"2022-01-14T07:48:40+00:00\",\"description\":\"Preventivo: non esitare a completare il form sotto riportato per richiedere un preventivo, o ricevere maggiori informazioni sui nostri cantieri.\",\"breadcrumb\":{\"@id\":\"https:\/\/www.puntoluceaosta.it\/fr\/devis-en-ligne\/#breadcrumb\"},\"inLanguage\":\"fr-FR\",\"potentialAction\":[{\"@type\":\"ReadAction\",\"target\":[\"https:\/\/www.puntoluceaosta.it\/fr\/devis-en-ligne\/\"]}]},{\"@type\":\"BreadcrumbList\",\"@id\":\"https:\/\/www.puntoluceaosta.it\/fr\/devis-en-ligne\/#breadcrumb\",\"itemListElement\":[{\"@type\":\"ListItem\",\"position\":1,\"name\":\"Home\",\"item\":\"https:\/\/www.puntoluceaosta.it\/\"},{\"@type\":\"ListItem\",\"position\":2,\"name\":\"Devis en ligne\"}]},{\"@type\":\"WebSite\",\"@id\":\"https:\/\/www.puntoluceaosta.it\/#website\",\"url\":\"https:\/\/www.puntoluceaosta.it\/\",\"name\":\"Punto Luce\",\"description\":\"Punto Luce Aosta\",\"potentialAction\":[{\"@type\":\"SearchAction\",\"target\":{\"@type\":\"EntryPoint\",\"urlTemplate\":\"https:\/\/www.puntoluceaosta.it\/?s={search_term_string}\"},\"query-input\":\"required name=search_term_string\"}],\"inLanguage\":\"fr-FR\"}]}<\/script>\n<!-- \/ Yoast SEO plugin. -->","yoast_head_json":{"title":"Preventivo Punto Luce Aosta | Elettricisti Aosta, ATTESTAZIONE ESTI","description":"Preventivo: non esitare a completare il form sotto riportato per richiedere un preventivo, o ricevere maggiori informazioni sui nostri cantieri.","robots":{"index":"index","follow":"follow","max-snippet":"max-snippet:-1","max-image-preview":"max-image-preview:large","max-video-preview":"max-video-preview:-1"},"canonical":"https:\/\/www.puntoluceaosta.it\/fr\/devis-en-ligne\/","og_locale":"fr_FR","og_type":"article","og_title":"Preventivo Punto Luce Aosta | Elettricisti Aosta, ATTESTAZIONE ESTI","og_description":"Preventivo: non esitare a completare il form sotto riportato per richiedere un preventivo, o ricevere maggiori informazioni sui nostri cantieri.","og_url":"https:\/\/www.puntoluceaosta.it\/fr\/devis-en-ligne\/","og_site_name":"Punto Luce","article_modified_time":"2022-01-14T07:48:40+00:00","twitter_card":"summary_large_image","twitter_misc":{"Dur\u00e9e de lecture estim\u00e9e":"4 minutes"},"schema":{"@context":"https:\/\/schema.org","@graph":[{"@type":"WebPage","@id":"https:\/\/www.puntoluceaosta.it\/fr\/devis-en-ligne\/","url":"https:\/\/www.puntoluceaosta.it\/fr\/devis-en-ligne\/","name":"Preventivo Punto Luce Aosta | Elettricisti Aosta, ATTESTAZIONE ESTI","isPartOf":{"@id":"https:\/\/www.puntoluceaosta.it\/#website"},"datePublished":"2018-05-02T11:47:29+00:00","dateModified":"2022-01-14T07:48:40+00:00","description":"Preventivo: non esitare a completare il form sotto riportato per richiedere un preventivo, o ricevere maggiori informazioni sui nostri cantieri.","breadcrumb":{"@id":"https:\/\/www.puntoluceaosta.it\/fr\/devis-en-ligne\/#breadcrumb"},"inLanguage":"fr-FR","potentialAction":[{"@type":"ReadAction","target":["https:\/\/www.puntoluceaosta.it\/fr\/devis-en-ligne\/"]}]},{"@type":"BreadcrumbList","@id":"https:\/\/www.puntoluceaosta.it\/fr\/devis-en-ligne\/#breadcrumb","itemListElement":[{"@type":"ListItem","position":1,"name":"Home","item":"https:\/\/www.puntoluceaosta.it\/"},{"@type":"ListItem","position":2,"name":"Devis en ligne"}]},{"@type":"WebSite","@id":"https:\/\/www.puntoluceaosta.it\/#website","url":"https:\/\/www.puntoluceaosta.it\/","name":"Punto Luce","description":"Punto Luce Aosta","potentialAction":[{"@type":"SearchAction","target":{"@type":"EntryPoint","urlTemplate":"https:\/\/www.puntoluceaosta.it\/?s={search_term_string}"},"query-input":"required name=search_term_string"}],"inLanguage":"fr-FR"}]}},"_links":{"self":[{"href":"https:\/\/www.puntoluceaosta.it\/fr\/wp-json\/wp\/v2\/pages\/1072"}],"collection":[{"href":"https:\/\/www.puntoluceaosta.it\/fr\/wp-json\/wp\/v2\/pages"}],"about":[{"href":"https:\/\/www.puntoluceaosta.it\/fr\/wp-json\/wp\/v2\/types\/page"}],"author":[{"embeddable":true,"href":"https:\/\/www.puntoluceaosta.it\/fr\/wp-json\/wp\/v2\/users\/1"}],"replies":[{"embeddable":true,"href":"https:\/\/www.puntoluceaosta.it\/fr\/wp-json\/wp\/v2\/comments?post=1072"}],"version-history":[{"count":10,"href":"https:\/\/www.puntoluceaosta.it\/fr\/wp-json\/wp\/v2\/pages\/1072\/revisions"}],"predecessor-version":[{"id":2122,"href":"https:\/\/www.puntoluceaosta.it\/fr\/wp-json\/wp\/v2\/pages\/1072\/revisions\/2122"}],"wp:attachment":[{"href":"https:\/\/www.puntoluceaosta.it\/fr\/wp-json\/wp\/v2\/media?parent=1072"}],"curies":[{"name":"wp","href":"https:\/\/api.w.org\/{rel}","templated":true}]}}